{"id":179,"date":"2024-05-23T17:34:53","date_gmt":"2024-05-23T17:34:53","guid":{"rendered":"https:\/\/test.superyachtcharteribiza.com\/?page_id=179"},"modified":"2025-05-28T10:20:19","modified_gmt":"2025-05-28T10:20:19","slug":"nuestro-equipo","status":"publish","type":"page","link":"https:\/\/test.superyachtcharteribiza.com\/es\/nuestro-equipo\/","title":{"rendered":"Nuestro Equipo"},"content":{"rendered":"\t\t<div data-elementor-type=\"wp-page\" data-elementor-id=\"179\" class=\"elementor elementor-179 elementor-124\" data-elementor-post-type=\"page\">\n\t\t\t\t<div class=\"elementor-element elementor-element-dd54ec6 e-con-full e-flex e-con e-parent\" data-id=\"dd54ec6\" data-element_type=\"container\" data-settings=\"{&quot;background_background&quot;:&quot;classic&quot;}\">\n\t\t\t\t<div class=\"elementor-element elementor-element-b6cb268 elementor-widget elementor-widget-image\" data-id=\"b6cb268\" data-element_type=\"widget\" data-widget_type=\"image.default\">\n\t\t\t\t<div class=\"elementor-widget-container\">\n\t\t\t\t\t\t\t\t\t\t\t\t\t\t\t<img fetchpriority=\"high\" decoding=\"async\" width=\"2560\" height=\"1849\" src=\"https:\/\/test.superyachtcharteribiza.com\/wp-content\/uploads\/sites\/3\/2025\/01\/marketing-results-scaled-1.jpg\" class=\"attachment-full size-full wp-image-1969\" alt=\"Boat ibiza\" srcset=\"https:\/\/test.superyachtcharteribiza.com\/wp-content\/uploads\/sites\/3\/2025\/01\/marketing-results-scaled-1.jpg 2560w, https:\/\/test.superyachtcharteribiza.com\/wp-content\/uploads\/sites\/3\/2025\/01\/marketing-results-scaled-1-992x716.jpg 992w, https:\/\/test.superyachtcharteribiza.com\/wp-content\/uploads\/sites\/3\/2025\/01\/marketing-results-scaled-1-1550x1120.jpg 1550w, https:\/\/test.superyachtcharteribiza.com\/wp-content\/uploads\/sites\/3\/2025\/01\/marketing-results-scaled-1-576x416.jpg 576w, https:\/\/test.superyachtcharteribiza.com\/wp-content\/uploads\/sites\/3\/2025\/01\/marketing-results-scaled-1-768x555.jpg 768w, https:\/\/test.superyachtcharteribiza.com\/wp-content\/uploads\/sites\/3\/2025\/01\/marketing-results-scaled-1-1536x1109.jpg 1536w, https:\/\/test.superyachtcharteribiza.com\/wp-content\/uploads\/sites\/3\/2025\/01\/marketing-results-scaled-1-2048x1479.jpg 2048w, https:\/\/test.superyachtcharteribiza.com\/wp-content\/uploads\/sites\/3\/2025\/01\/marketing-results-scaled-1-1900x1372.jpg 1900w\" sizes=\"(max-width: 2560px) 100vw, 2560px\" \/>\t\t\t\t\t\t\t\t\t\t\t\t\t\t\t<\/div>\n\t\t\t\t<\/div>\n\t\t<div class=\"elementor-element elementor-element-2d42248 e-flex e-con-boxed e-con e-child\" data-id=\"2d42248\" data-element_type=\"container\" data-settings=\"{&quot;position&quot;:&quot;absolute&quot;}\">\n\t\t\t\t\t<div class=\"e-con-inner\">\n\t\t\t\t<div class=\"elementor-element elementor-element-3f19434 elementor-widget__width-initial elementor-widget elementor-widget-heading\" data-id=\"3f19434\" data-element_type=\"widget\" data-widget_type=\"heading.default\">\n\t\t\t\t<div class=\"elementor-widget-container\">\n\t\t\t\t\t<h1 class=\"elementor-heading-title elementor-size-default\">Nuestro Equipo<\/h1>\t\t\t\t<\/div>\n\t\t\t\t<\/div>\n\t\t\t\t<div class=\"elementor-element elementor-element-0a6da83 elementor-widget__width-initial elementor-widget elementor-widget-text-editor\" data-id=\"0a6da83\" data-element_type=\"widget\" data-widget_type=\"text-editor.default\">\n\t\t\t\t<div class=\"elementor-widget-container\">\n\t\t\t\t\t\t\t\t\t<p><span data-sheets-root=\"1\" data-sheets-value=\"{&quot;1&quot;:2,&quot;2&quot;:&quot;Cada uno especialista en su campo. Conoce a nuestro equipo que combina a\u00f1os de experiencia gestionando charters y creando experiencias excepcionales&quot;}\" data-sheets-userformat=\"{&quot;2&quot;:9213,&quot;3&quot;:{&quot;1&quot;:0},&quot;5&quot;:{&quot;1&quot;:[{&quot;1&quot;:2,&quot;2&quot;:0,&quot;5&quot;:{&quot;1&quot;:2,&quot;2&quot;:0}},{&quot;1&quot;:0,&quot;2&quot;:0,&quot;3&quot;:3},{&quot;1&quot;:1,&quot;2&quot;:0,&quot;4&quot;:1}]},&quot;6&quot;:{&quot;1&quot;:[{&quot;1&quot;:2,&quot;2&quot;:0,&quot;5&quot;:{&quot;1&quot;:2,&quot;2&quot;:0}},{&quot;1&quot;:0,&quot;2&quot;:0,&quot;3&quot;:3},{&quot;1&quot;:1,&quot;2&quot;:0,&quot;4&quot;:1}]},&quot;7&quot;:{&quot;1&quot;:[{&quot;1&quot;:2,&quot;2&quot;:0,&quot;5&quot;:{&quot;1&quot;:2,&quot;2&quot;:0}},{&quot;1&quot;:0,&quot;2&quot;:0,&quot;3&quot;:3},{&quot;1&quot;:1,&quot;2&quot;:0,&quot;4&quot;:1}]},&quot;8&quot;:{&quot;1&quot;:[{&quot;1&quot;:2,&quot;2&quot;:0,&quot;5&quot;:{&quot;1&quot;:2,&quot;2&quot;:0}},{&quot;1&quot;:0,&quot;2&quot;:0,&quot;3&quot;:3},{&quot;1&quot;:1,&quot;2&quot;:0,&quot;4&quot;:1}]},&quot;9&quot;:1,&quot;10&quot;:1,&quot;11&quot;:4,&quot;12&quot;:0,&quot;16&quot;:10}\">Conoce a nuestro equipo, cada uno especializado en su campo, combinando a\u00f1os de experiencia gestionando charters y creando experiencias excepcionales.<\/span><\/p>\t\t\t\t\t\t\t\t<\/div>\n\t\t\t\t<\/div>\n\t\t\t\t\t<\/div>\n\t\t\t\t<\/div>\n\t\t\t\t<\/div>\n\t\t<div class=\"elementor-element elementor-element-ff96ed4 e-con-full e-flex e-con e-parent\" data-id=\"ff96ed4\" data-element_type=\"container\" data-settings=\"{&quot;background_background&quot;:&quot;classic&quot;}\">\n\t\t<div class=\"elementor-element elementor-element-a4f1efb e-con-full e-flex e-con e-child\" data-id=\"a4f1efb\" data-element_type=\"container\" data-settings=\"{&quot;background_background&quot;:&quot;classic&quot;}\">\n\t\t\t\t<div class=\"elementor-element elementor-element-35e6c4d elementor-widget__width-initial elementor-widget-mobile__width-inherit elementor-widget elementor-widget-heading\" data-id=\"35e6c4d\" data-element_type=\"widget\" data-widget_type=\"heading.default\">\n\t\t\t\t<div class=\"elementor-widget-container\">\n\t\t\t\t\t<h2 class=\"elementor-heading-title elementor-size-default\">El verdadero lujo es que \ntu profesi\u00f3n sea tu vocaci\u00f3n<\/h2>\t\t\t\t<\/div>\n\t\t\t\t<\/div>\n\t\t\t\t<div class=\"elementor-element elementor-element-551eff8 elementor-widget__width-initial elementor-widget-mobile__width-inherit elementor-widget elementor-widget-text-editor\" data-id=\"551eff8\" data-element_type=\"widget\" data-widget_type=\"text-editor.default\">\n\t\t\t\t<div class=\"elementor-widget-container\">\n\t\t\t\t\t\t\t\t\t<p>Fundada en 2010 por dos emprendedores apasionados por los barcos y el lujo, Charter &amp; Dreams naci\u00f3 de la mano de Judith Estrella y Joan Farell, para crear un servicio de <strong>alquiler de yates de lujo<\/strong> que destacara sobre los dem\u00e1s. El objetivo es gestionar el tiempo libre de sus clientes ofreci\u00e9ndoles el mejor servicio personalizado, cuidado hasta el m\u00ednimo detalle, construyendo as\u00ed una s\u00f3lida relaci\u00f3n basada en la confianza y la promesa de la perfecci\u00f3n.<\/p><p>Charter &amp; Dreams es hoy en d\u00eda una leyenda en el campo de la navegaci\u00f3n, ofreciendo sus servicios de <strong>charter de yates<\/strong> a nivel mundial, gracias a su experiencia y una red de alianzas con empresas de renombre dentro del sector.<\/p>\t\t\t\t\t\t\t\t<\/div>\n\t\t\t\t<\/div>\n\t\t\t\t<\/div>\n\t\t<div class=\"elementor-element elementor-element-60daec0 e-con-full e-flex e-con e-child\" data-id=\"60daec0\" data-element_type=\"container\" data-settings=\"{&quot;background_background&quot;:&quot;classic&quot;}\">\n\t\t\t\t<\/div>\n\t\t\t\t<\/div>\n\t\t<div class=\"elementor-element elementor-element-01c0b59 e-flex e-con-boxed e-con e-parent\" data-id=\"01c0b59\" data-element_type=\"container\">\n\t\t\t\t\t<div class=\"e-con-inner\">\n\t\t\t\t<div class=\"elementor-element elementor-element-ff1d70a elementor-widget elementor-widget-heading\" data-id=\"ff1d70a\" data-element_type=\"widget\" data-widget_type=\"heading.default\">\n\t\t\t\t<div class=\"elementor-widget-container\">\n\t\t\t\t\t<h2 class=\"elementor-heading-title elementor-size-default\">Nuestro Equipo<\/h2>\t\t\t\t<\/div>\n\t\t\t\t<\/div>\n\t\t\t\t<div class=\"elementor-element elementor-element-102323d elementor-widget elementor-widget-text-editor\" data-id=\"102323d\" data-element_type=\"widget\" data-widget_type=\"text-editor.default\">\n\t\t\t\t<div class=\"elementor-widget-container\">\n\t\t\t\t\t\t\t\t\t<p><span data-sheets-root=\"1\" data-sheets-value=\"{&quot;1&quot;:2,&quot;2&quot;:&quot;Con m\u00e1s de una d\u00e9cada de experiencia combinada y conocimientos de primera clase, nuestro equipo de expertos en alquiler de yates colabora para ofrecer experiencias de primera a cada hu\u00e9sped.&quot;}\" data-sheets-userformat=\"{&quot;2&quot;:897,&quot;3&quot;:{&quot;1&quot;:0},&quot;10&quot;:0,&quot;11&quot;:4,&quot;12&quot;:0}\">Apasionados por superar las expectativas de los clientes m\u00e1s exigentes y con un exhaustivo conocimiento del sector de los yates de lujo, nuestro equipo de expertos en alquiler de yates ofrece experiencias \u00fanicas y a medida de cada hu\u00e9sped.&nbsp;<\/span><\/p>\t\t\t\t\t\t\t\t<\/div>\n\t\t\t\t<\/div>\n\t\t\t\t\t<\/div>\n\t\t\t\t<\/div>\n\t\t<div class=\"elementor-element elementor-element-8acdd1f e-flex e-con-boxed e-con e-parent\" data-id=\"8acdd1f\" data-element_type=\"container\">\n\t\t\t\t\t<div class=\"e-con-inner\">\n\t\t<div class=\"elementor-element elementor-element-6fa8770 e-con-full e-flex e-con e-child\" data-id=\"6fa8770\" data-element_type=\"container\">\n\t\t\t\t<div class=\"elementor-element elementor-element-b60296a elementor-widget elementor-widget-image\" data-id=\"b60296a\" data-element_type=\"widget\" data-widget_type=\"image.default\">\n\t\t\t\t<div class=\"elementor-widget-container\">\n\t\t\t\t\t\t\t\t\t\t\t\t\t\t\t<img decoding=\"async\" width=\"800\" height=\"1132\" src=\"https:\/\/test.superyachtcharteribiza.com\/wp-content\/uploads\/sites\/3\/2024\/05\/Judith_Photo-3-848x1200.png\" class=\"attachment-large size-large wp-image-157\" alt=\"\" srcset=\"https:\/\/test.superyachtcharteribiza.com\/wp-content\/uploads\/sites\/3\/2024\/05\/Judith_Photo-3-848x1200.png 848w, https:\/\/test.superyachtcharteribiza.com\/wp-content\/uploads\/sites\/3\/2024\/05\/Judith_Photo-3-701x992.png 701w, https:\/\/test.superyachtcharteribiza.com\/wp-content\/uploads\/sites\/3\/2024\/05\/Judith_Photo-3-407x576.png 407w, https:\/\/test.superyachtcharteribiza.com\/wp-content\/uploads\/sites\/3\/2024\/05\/Judith_Photo-3-768x1086.png 768w, https:\/\/test.superyachtcharteribiza.com\/wp-content\/uploads\/sites\/3\/2024\/05\/Judith_Photo-3-1086x1536.png 1086w, https:\/\/test.superyachtcharteribiza.com\/wp-content\/uploads\/sites\/3\/2024\/05\/Judith_Photo-3-1448x2048.png 1448w, https:\/\/test.superyachtcharteribiza.com\/wp-content\/uploads\/sites\/3\/2024\/05\/Judith_Photo-3.png 1587w\" sizes=\"(max-width: 800px) 100vw, 800px\" \/>\t\t\t\t\t\t\t\t\t\t\t\t\t\t\t<\/div>\n\t\t\t\t<\/div>\n\t\t\t\t<div class=\"elementor-element elementor-element-ab2b5ae elementor-widget-mobile__width-inherit elementor-widget elementor-widget-heading\" data-id=\"ab2b5ae\" data-element_type=\"widget\" data-widget_type=\"heading.default\">\n\t\t\t\t<div class=\"elementor-widget-container\">\n\t\t\t\t\t<h3 class=\"elementor-heading-title elementor-size-default\">Judith Estrella<\/h3>\t\t\t\t<\/div>\n\t\t\t\t<\/div>\n\t\t\t\t<div class=\"elementor-element elementor-element-d6bb839 elementor-widget-mobile__width-inherit elementor-widget elementor-widget-heading\" data-id=\"d6bb839\" data-element_type=\"widget\" data-widget_type=\"heading.default\">\n\t\t\t\t<div class=\"elementor-widget-container\">\n\t\t\t\t\t<p class=\"elementor-heading-title elementor-size-default\">Co-Fundadora de Charter&amp;Dreams<\/p>\t\t\t\t<\/div>\n\t\t\t\t<\/div>\n\t\t\t\t<\/div>\n\t\t<div class=\"elementor-element elementor-element-16b2e2d e-con-full e-flex e-con e-child\" data-id=\"16b2e2d\" data-element_type=\"container\">\n\t\t\t\t<div class=\"elementor-element elementor-element-5d67093 elementor-widget elementor-widget-image\" data-id=\"5d67093\" data-element_type=\"widget\" data-widget_type=\"image.default\">\n\t\t\t\t<div class=\"elementor-widget-container\">\n\t\t\t\t\t\t\t\t\t\t\t\t\t\t\t<img decoding=\"async\" width=\"800\" height=\"1132\" src=\"https:\/\/test.superyachtcharteribiza.com\/wp-content\/uploads\/sites\/3\/2024\/05\/joan_web3-848x1200.jpg\" class=\"attachment-large size-large wp-image-160\" alt=\"\" srcset=\"https:\/\/test.superyachtcharteribiza.com\/wp-content\/uploads\/sites\/3\/2024\/05\/joan_web3-848x1200.jpg 848w, https:\/\/test.superyachtcharteribiza.com\/wp-content\/uploads\/sites\/3\/2024\/05\/joan_web3-701x992.jpg 701w, https:\/\/test.superyachtcharteribiza.com\/wp-content\/uploads\/sites\/3\/2024\/05\/joan_web3-407x576.jpg 407w, https:\/\/test.superyachtcharteribiza.com\/wp-content\/uploads\/sites\/3\/2024\/05\/joan_web3-768x1086.jpg 768w, https:\/\/test.superyachtcharteribiza.com\/wp-content\/uploads\/sites\/3\/2024\/05\/joan_web3-1086x1536.jpg 1086w, https:\/\/test.superyachtcharteribiza.com\/wp-content\/uploads\/sites\/3\/2024\/05\/joan_web3-1448x2048.jpg 1448w, https:\/\/test.superyachtcharteribiza.com\/wp-content\/uploads\/sites\/3\/2024\/05\/joan_web3.jpg 1587w\" sizes=\"(max-width: 800px) 100vw, 800px\" \/>\t\t\t\t\t\t\t\t\t\t\t\t\t\t\t<\/div>\n\t\t\t\t<\/div>\n\t\t\t\t<div class=\"elementor-element elementor-element-65a6265 elementor-widget-mobile__width-inherit elementor-widget elementor-widget-heading\" data-id=\"65a6265\" data-element_type=\"widget\" data-widget_type=\"heading.default\">\n\t\t\t\t<div class=\"elementor-widget-container\">\n\t\t\t\t\t<h3 class=\"elementor-heading-title elementor-size-default\">Joan Farell<\/h3>\t\t\t\t<\/div>\n\t\t\t\t<\/div>\n\t\t\t\t<div class=\"elementor-element elementor-element-303a901 elementor-widget-mobile__width-inherit elementor-widget elementor-widget-heading\" data-id=\"303a901\" data-element_type=\"widget\" data-widget_type=\"heading.default\">\n\t\t\t\t<div class=\"elementor-widget-container\">\n\t\t\t\t\t<p class=\"elementor-heading-title elementor-size-default\">Co-Fundador de Chatrer&amp;Dreams<\/p>\t\t\t\t<\/div>\n\t\t\t\t<\/div>\n\t\t\t\t<\/div>\n\t\t\t\t\t<\/div>\n\t\t\t\t<\/div>\n\t\t<div class=\"elementor-element elementor-element-35de45c e-flex e-con-boxed e-con e-parent\" data-id=\"35de45c\" data-element_type=\"container\">\n\t\t\t\t\t<div class=\"e-con-inner\">\n\t\t<div class=\"elementor-element elementor-element-5887262 e-con-full e-flex e-con e-child\" data-id=\"5887262\" data-element_type=\"container\">\n\t\t\t\t<div class=\"elementor-element elementor-element-e4b0bd1 elementor-widget elementor-widget-image\" data-id=\"e4b0bd1\" data-element_type=\"widget\" data-widget_type=\"image.default\">\n\t\t\t\t<div class=\"elementor-widget-container\">\n\t\t\t\t\t\t\t\t\t\t\t\t\t\t\t<img loading=\"lazy\" decoding=\"async\" width=\"500\" height=\"500\" src=\"https:\/\/test.superyachtcharteribiza.com\/wp-content\/uploads\/sites\/3\/2025\/01\/7.png\" class=\"attachment-large size-large wp-image-2082\" alt=\"\" \/>\t\t\t\t\t\t\t\t\t\t\t\t\t\t\t<\/div>\n\t\t\t\t<\/div>\n\t\t\t\t<div class=\"elementor-element elementor-element-1a5a28a elementor-widget-mobile__width-inherit elementor-widget elementor-widget-heading\" data-id=\"1a5a28a\" data-element_type=\"widget\" data-widget_type=\"heading.default\">\n\t\t\t\t<div class=\"elementor-widget-container\">\n\t\t\t\t\t<h3 class=\"elementor-heading-title elementor-size-default\">Claudia Bonet<\/h3>\t\t\t\t<\/div>\n\t\t\t\t<\/div>\n\t\t\t\t<div class=\"elementor-element elementor-element-07df1eb elementor-widget-mobile__width-inherit elementor-widget elementor-widget-heading\" data-id=\"07df1eb\" data-element_type=\"widget\" data-widget_type=\"heading.default\">\n\t\t\t\t<div class=\"elementor-widget-container\">\n\t\t\t\t\t<p class=\"elementor-heading-title elementor-size-default\">Head of Finance<\/p>\t\t\t\t<\/div>\n\t\t\t\t<\/div>\n\t\t\t\t<div class=\"elementor-element elementor-element-27e9fd3 elementor-widget elementor-widget-spacer\" data-id=\"27e9fd3\" data-element_type=\"widget\" data-widget_type=\"spacer.default\">\n\t\t\t\t<div class=\"elementor-widget-container\">\n\t\t\t\t\t\t\t<div class=\"elementor-spacer\">\n\t\t\t<div class=\"elementor-spacer-inner\"><\/div>\n\t\t<\/div>\n\t\t\t\t\t\t<\/div>\n\t\t\t\t<\/div>\n\t\t\t\t<\/div>\n\t\t<div class=\"elementor-element elementor-element-c55fee0 e-con-full e-flex e-con e-child\" data-id=\"c55fee0\" data-element_type=\"container\">\n\t\t\t\t<div class=\"elementor-element elementor-element-c483bc4 elementor-widget elementor-widget-image\" data-id=\"c483bc4\" data-element_type=\"widget\" data-widget_type=\"image.default\">\n\t\t\t\t<div class=\"elementor-widget-container\">\n\t\t\t\t\t\t\t\t\t\t\t\t\t\t\t<img loading=\"lazy\" decoding=\"async\" width=\"500\" height=\"500\" src=\"https:\/\/test.superyachtcharteribiza.com\/wp-content\/uploads\/sites\/3\/2025\/01\/Logo-de-Moda-con-Iniciales-Caligrafico-Elegante-Rosa-y-Negro-9.png\" class=\"attachment-large size-large wp-image-2085\" alt=\"\" \/>\t\t\t\t\t\t\t\t\t\t\t\t\t\t\t<\/div>\n\t\t\t\t<\/div>\n\t\t\t\t<div class=\"elementor-element elementor-element-febbefd elementor-widget-mobile__width-inherit elementor-widget elementor-widget-heading\" data-id=\"febbefd\" data-element_type=\"widget\" data-widget_type=\"heading.default\">\n\t\t\t\t<div class=\"elementor-widget-container\">\n\t\t\t\t\t<h3 class=\"elementor-heading-title elementor-size-default\">Xavier Fisas<\/h3>\t\t\t\t<\/div>\n\t\t\t\t<\/div>\n\t\t\t\t<div class=\"elementor-element elementor-element-223ead3 elementor-widget-mobile__width-inherit elementor-widget elementor-widget-heading\" data-id=\"223ead3\" data-element_type=\"widget\" data-widget_type=\"heading.default\">\n\t\t\t\t<div class=\"elementor-widget-container\">\n\t\t\t\t\t<p class=\"elementor-heading-title elementor-size-default\">Head of IT &amp; Operations<\/p>\t\t\t\t<\/div>\n\t\t\t\t<\/div>\n\t\t\t\t<div class=\"elementor-element elementor-element-af07535 elementor-widget elementor-widget-spacer\" data-id=\"af07535\" data-element_type=\"widget\" data-widget_type=\"spacer.default\">\n\t\t\t\t<div class=\"elementor-widget-container\">\n\t\t\t\t\t\t\t<div class=\"elementor-spacer\">\n\t\t\t<div class=\"elementor-spacer-inner\"><\/div>\n\t\t<\/div>\n\t\t\t\t\t\t<\/div>\n\t\t\t\t<\/div>\n\t\t\t\t<\/div>\n\t\t<div class=\"elementor-element elementor-element-0d469d4 e-con-full e-flex e-con e-child\" data-id=\"0d469d4\" data-element_type=\"container\">\n\t\t\t\t<div class=\"elementor-element elementor-element-fbfe882 elementor-widget elementor-widget-image\" data-id=\"fbfe882\" data-element_type=\"widget\" data-widget_type=\"image.default\">\n\t\t\t\t<div class=\"elementor-widget-container\">\n\t\t\t\t\t\t\t\t\t\t\t\t\t\t\t<img loading=\"lazy\" decoding=\"async\" width=\"500\" height=\"500\" src=\"https:\/\/test.superyachtcharteribiza.com\/wp-content\/uploads\/sites\/3\/2025\/01\/Logo-de-Moda-con-Iniciales-Caligrafico-Elegante-Rosa-y-Negro-11.png\" class=\"attachment-large size-large wp-image-2091\" alt=\"\" \/>\t\t\t\t\t\t\t\t\t\t\t\t\t\t\t<\/div>\n\t\t\t\t<\/div>\n\t\t\t\t<div class=\"elementor-element elementor-element-c47c608 elementor-widget-mobile__width-inherit elementor-widget elementor-widget-heading\" data-id=\"c47c608\" data-element_type=\"widget\" data-widget_type=\"heading.default\">\n\t\t\t\t<div class=\"elementor-widget-container\">\n\t\t\t\t\t<h3 class=\"elementor-heading-title elementor-size-default\">Laura Salcedo<\/h3>\t\t\t\t<\/div>\n\t\t\t\t<\/div>\n\t\t\t\t<div class=\"elementor-element elementor-element-86361a7 elementor-widget-mobile__width-inherit elementor-widget elementor-widget-heading\" data-id=\"86361a7\" data-element_type=\"widget\" data-widget_type=\"heading.default\">\n\t\t\t\t<div class=\"elementor-widget-container\">\n\t\t\t\t\t<p class=\"elementor-heading-title elementor-size-default\">Executive Assistant<\/p>\t\t\t\t<\/div>\n\t\t\t\t<\/div>\n\t\t\t\t<div class=\"elementor-element elementor-element-769f2d0 elementor-widget elementor-widget-spacer\" data-id=\"769f2d0\" data-element_type=\"widget\" data-widget_type=\"spacer.default\">\n\t\t\t\t<div class=\"elementor-widget-container\">\n\t\t\t\t\t\t\t<div class=\"elementor-spacer\">\n\t\t\t<div class=\"elementor-spacer-inner\"><\/div>\n\t\t<\/div>\n\t\t\t\t\t\t<\/div>\n\t\t\t\t<\/div>\n\t\t\t\t<\/div>\n\t\t\t\t\t<\/div>\n\t\t\t\t<\/div>\n\t\t<div class=\"elementor-element elementor-element-e284237 e-flex e-con-boxed e-con e-parent\" data-id=\"e284237\" data-element_type=\"container\">\n\t\t\t\t\t<div class=\"e-con-inner\">\n\t\t<div class=\"elementor-element elementor-element-4e79e58 e-con-full e-flex e-con e-child\" data-id=\"4e79e58\" data-element_type=\"container\">\n\t\t\t\t<div class=\"elementor-element elementor-element-424bd4f elementor-widget elementor-widget-image\" data-id=\"424bd4f\" data-element_type=\"widget\" data-widget_type=\"image.default\">\n\t\t\t\t<div class=\"elementor-widget-container\">\n\t\t\t\t\t\t\t\t\t\t\t\t\t\t\t<img loading=\"lazy\" decoding=\"async\" width=\"500\" height=\"500\" src=\"https:\/\/test.superyachtcharteribiza.com\/wp-content\/uploads\/sites\/3\/2025\/01\/6.png\" class=\"attachment-large size-large wp-image-2094\" alt=\"\" \/>\t\t\t\t\t\t\t\t\t\t\t\t\t\t\t<\/div>\n\t\t\t\t<\/div>\n\t\t\t\t<div class=\"elementor-element elementor-element-211dac5 elementor-widget-mobile__width-inherit elementor-widget elementor-widget-heading\" data-id=\"211dac5\" data-element_type=\"widget\" data-widget_type=\"heading.default\">\n\t\t\t\t<div class=\"elementor-widget-container\">\n\t\t\t\t\t<h3 class=\"elementor-heading-title elementor-size-default\">Pol L\u00f3pez<\/h3>\t\t\t\t<\/div>\n\t\t\t\t<\/div>\n\t\t\t\t<div class=\"elementor-element elementor-element-7a0c3da elementor-widget-mobile__width-inherit elementor-widget elementor-widget-heading\" data-id=\"7a0c3da\" data-element_type=\"widget\" data-widget_type=\"heading.default\">\n\t\t\t\t<div class=\"elementor-widget-container\">\n\t\t\t\t\t<p class=\"elementor-heading-title elementor-size-default\">Charter Manager<\/p>\t\t\t\t<\/div>\n\t\t\t\t<\/div>\n\t\t\t\t<\/div>\n\t\t\t\t\t<\/div>\n\t\t\t\t<\/div>\n\t\t\t\t<\/div>\n\t\t","protected":false},"excerpt":{"rendered":"<p>Nuestro Equipo Conoce a nuestro equipo, cada uno especializado en su campo, combinando a\u00f1os de experiencia gestionando charters y creando experiencias excepcionales. El verdadero lujo es que tu profesi\u00f3n sea tu vocaci\u00f3n Fundada en 2010 por dos emprendedores apasionados por los barcos y el lujo, Charter &amp; Dreams naci\u00f3 de la mano de Judith Estrella [&hellip;]<\/p>\n","protected":false},"author":2,"featured_media":0,"parent":0,"menu_order":0,"comment_status":"closed","ping_status":"closed","template":"","meta":{"_acf_changed":false,"_joinchat":[],"footnotes":""},"class_list":["post-179","page","type-page","status-publish","hentry"],"acf":[],"_links":{"self":[{"href":"https:\/\/test.superyachtcharteribiza.com\/es\/wp-json\/wp\/v2\/pages\/179","targetHints":{"allow":["GET"]}}],"collection":[{"href":"https:\/\/test.superyachtcharteribiza.com\/es\/wp-json\/wp\/v2\/pages"}],"about":[{"href":"https:\/\/test.superyachtcharteribiza.com\/es\/wp-json\/wp\/v2\/types\/page"}],"author":[{"embeddable":true,"href":"https:\/\/test.superyachtcharteribiza.com\/es\/wp-json\/wp\/v2\/users\/2"}],"replies":[{"embeddable":true,"href":"https:\/\/test.superyachtcharteribiza.com\/es\/wp-json\/wp\/v2\/comments?post=179"}],"version-history":[{"count":49,"href":"https:\/\/test.superyachtcharteribiza.com\/es\/wp-json\/wp\/v2\/pages\/179\/revisions"}],"predecessor-version":[{"id":2299,"href":"https:\/\/test.superyachtcharteribiza.com\/es\/wp-json\/wp\/v2\/pages\/179\/revisions\/2299"}],"wp:attachment":[{"href":"https:\/\/test.superyachtcharteribiza.com\/es\/wp-json\/wp\/v2\/media?parent=179"}],"curies":[{"name":"wp","href":"https:\/\/api.w.org\/{rel}","templated":true}]}}